{"id":29,"date":"2018-08-01T13:41:07","date_gmt":"2018-08-01T11:41:07","guid":{"rendered":"http:\/\/jykrois.net\/?page_id=29"},"modified":"2021-09-05T14:04:17","modified_gmt":"2021-09-05T13:04:17","slug":"bienvenue","status":"publish","type":"page","link":"https:\/\/jykrois.net\/","title":{"rendered":"Le changement est \u00e0 la port\u00e9e de tous"},"content":{"rendered":"\n<p class=\"has-text-align-left has-medium-font-size\">Alors pourquoi attendre?<\/p>\n\n\n\n<ul><li>Am\u00e9liorer ses performances personnelles (endurance, r\u00e9silience, patience)<\/li><li>Gagner en concentration, en m\u00e9moire<\/li><li>Augmenter sa confiance en soi<\/li><li>Mieux g\u00e9rer ses \u00e9motions<\/li><li>Pr\u00e9parer des \u00e9ch\u00e9ances (examens, prise de parole, op\u00e9ration chirurgicale)<\/li><li>Mieux g\u00e9rer la douleur<\/li><li>D\u00e9couvrir son potentiel<\/li><li>D\u00e9velopper sa cr\u00e9ativit\u00e9<\/li><li>Supprimer des croyances limitantes<\/li><li>Modifier des comportements<\/li><li>D\u00e9couvrir l\u2019auto-hypnose<\/li><li>Et bien plus encore !<\/li><\/ul>\n\n\n\n<p><\/p>\n\n\n\n<p>Je vous accompagne avec bienveillance et respect dans le changement et dans votre qu\u00eate d&rsquo;un mieux-\u00eatre \/ bien-\u00eatre gr\u00e2ce \u00e0 cet outil formidable qu&rsquo;est l&rsquo;hypnose eriksonienne. <\/p>\n\n\n\n<p>Pour adultes et enfants d\u00e8s 9 ans<\/p>\n\n\n\n<p>N&rsquo;h\u00e9sitez pas \u00e0 me contacter, je r\u00e9pondrai \u00e0 toutes vos questions.<\/p>\n\n\n\n<div class=\"wp-block-cover has-background-dim\" style=\"min-height:471px;aspect-ratio:unset;\"><img loading=\"lazy\" decoding=\"async\" width=\"800\" height=\"450\" class=\"wp-block-cover__image-background wp-image-133\" alt=\"\" src=\"http:\/\/jykrois.net\/wp-content\/uploads\/2021\/09\/Cervin2.jpg\" data-object-fit=\"cover\" srcset=\"https:\/\/jykrois.net\/wp-content\/uploads\/2021\/09\/Cervin2.jpg 800w, https:\/\/jykrois.net\/wp-content\/uploads\/2021\/09\/Cervin2-300x169.jpg 300w, https:\/\/jykrois.net\/wp-content\/uploads\/2021\/09\/Cervin2-768x432.jpg 768w, https:\/\/jykrois.net\/wp-content\/uploads\/2021\/09\/Cervin2-400x225.jpg 400w, https:\/\/jykrois.net\/wp-content\/uploads\/2021\/09\/Cervin2-780x439.jpg 780w\" sizes=\"(max-width: 800px) 100vw, 800px\" \/><div class=\"wp-block-cover__inner-container is-layout-flow wp-block-cover-is-layout-flow\">\n<p class=\"has-text-align-center has-large-font-size\">Se reconnecter \u00e0 soi-m\u00eame pour mieux atteindre ses objectifs<\/p>\n<\/div><\/div>\n","protected":false},"excerpt":{"rendered":"<p>Alors pourquoi attendre? Am\u00e9liorer ses performances personnelles (endurance, r\u00e9silience, patience) Gagner en concentration, en m\u00e9moire Augmenter sa confiance en soi Mieux g\u00e9rer ses \u00e9motions Pr\u00e9parer des \u00e9ch\u00e9ances (examens, prise de parole, op\u00e9ration chirurgicale) Mieux g\u00e9rer la douleur D\u00e9couvrir son potentiel <a class=\"more-link\" href=\"https:\/\/jykrois.net\/\">Lire plus &#8230;<\/a><\/p>\n","protected":false},"author":2,"featured_media":0,"parent":0,"menu_order":0,"comment_status":"closed","ping_status":"closed","template":"","meta":{"footnotes":""},"_links":{"self":[{"href":"https:\/\/jykrois.net\/index.php?rest_route=\/wp\/v2\/pages\/29"}],"collection":[{"href":"https:\/\/jykrois.net\/index.php?rest_route=\/wp\/v2\/pages"}],"about":[{"href":"https:\/\/jykrois.net\/index.php?rest_route=\/wp\/v2\/types\/page"}],"author":[{"embeddable":true,"href":"https:\/\/jykrois.net\/index.php?rest_route=\/wp\/v2\/users\/2"}],"replies":[{"embeddable":true,"href":"https:\/\/jykrois.net\/index.php?rest_route=%2Fwp%2Fv2%2Fcomments&post=29"}],"version-history":[{"count":18,"href":"https:\/\/jykrois.net\/index.php?rest_route=\/wp\/v2\/pages\/29\/revisions"}],"predecessor-version":[{"id":190,"href":"https:\/\/jykrois.net\/index.php?rest_route=\/wp\/v2\/pages\/29\/revisions\/190"}],"wp:attachment":[{"href":"https:\/\/jykrois.net\/index.php?rest_route=%2Fwp%2Fv2%2Fmedia&parent=29"}],"curies":[{"name":"wp","href":"https:\/\/api.w.org\/{rel}","templated":true}]}}