{"id":31,"date":"2018-08-01T13:41:07","date_gmt":"2018-08-01T11:41:07","guid":{"rendered":"http:\/\/jykrois.net\/?page_id=31"},"modified":"2021-09-05T18:23:24","modified_gmt":"2021-09-05T17:23:24","slug":"hypnose","status":"publish","type":"page","link":"https:\/\/jykrois.net\/?page_id=31","title":{"rendered":"Hypnose"},"content":{"rendered":"\n<p>Vous \u00eates captiv\u00e9 par le roman que vous \u00eates en train de lire et vous n\u2019entendez pas qu\u2019on vous pose une question ? <strong>Vous \u00eates en \u00e9tat d\u2019hypnose<\/strong>.<\/p>\n\n\n\n<p>Vous rentrez du travail en voiture et vous vous dites \u00ab tiens je suis d\u00e9j\u00e0 l\u00e0 \u00bb ? C\u2019est aussi un \u00e9tat d\u2019hypnose qui fait que vous n\u2019avez pas \u00e9t\u00e9 conscient du chemin pris (mais \u00e7a ne veut pas dire que vous n\u2019\u00e9tiez pas conscient des dangers de la route).<\/p>\n\n\n\n<p>L&rsquo;hypnose dite eriksonienne est bas\u00e9e sur les travaux de Milton Erikson (1901-1980) qui est un des pr\u00e9curseurs des th\u00e9rapies br\u00e8ves.<\/p>\n\n\n\n<p>Avec l&rsquo;hypnose eriksonienne c&rsquo;est <strong>vous qui \u00eates au centre<\/strong>, tout se construit \u00e0 partir de vos ressources int\u00e9rieures car nous avons tout ce qui est n\u00e9cessaire \u00e0 l&rsquo;int\u00e9rieur de nous. L&rsquo;accompagnement permet simplement de recontacter ces <strong>ressources <\/strong>que parfois nous avons (trop) bien rang\u00e9es et ainsi favoriser l&rsquo;atteinte de vos <strong>objectifs<\/strong>.<\/p>\n\n\n\n<p><\/p>\n\n\n\n<p>Durant toute la s\u00e9ance, c&rsquo;est vous qui avez les pleins pouvoirs et comme chacun est unique, la s\u00e9ance est enti\u00e8rement personnalis\u00e9e et chacun est libre d&rsquo;aller \u00e0 son rythme et \u00e0 un niveau de conscience modifi\u00e9e qui lui convient le mieux.<\/p>\n\n\n\n<p><\/p>\n\n\n\n<p>Une s\u00e9ance d\u2019hypnose est avant tout un moment de relaxation, un moment positif.<\/p>\n\n\n\n<hr class=\"wp-block-separator has-text-color has-background has-white-background-color has-white-color\"\/>\n\n\n\n<h2 class=\"wp-block-heading\">Qu&rsquo;est-ce qu&rsquo;un \u00e9tat d&rsquo;hypnose?<\/h2>\n\n\n\n<p>C&rsquo;est un \u00e9tat naturel ou provoqu\u00e9 plus ou moins profond qui permet d&rsquo;\u00eatre plus facilement en relation avec ses ressources, ses fonctionnements, ses comp\u00e9tences et connaissances. Cela permet \u00e9galement de changer sa perception des choses, sa logique ou son regard.<\/p>\n\n\n\n<p><\/p>\n\n\n\n<p>Durant cet \u00e9tat de conscience modifi\u00e9e, c&rsquo;est<strong> vous qui avez le contr\u00f4le<\/strong>! <br><\/p>\n\n\n\n<h2 class=\"wp-block-heading\">Apprendre l&rsquo;auto-hypnose<\/h2>\n\n\n\n<p>L&rsquo;auto-hypnose permet de se mettre soi-m\u00eame en \u00e9tat d&rsquo;hypnose afin d&rsquo;aller \u00e0 l&rsquo;int\u00e9rieur de soi pour rechercher et activer des ressources, trouver des r\u00e9ponses ou de l&rsquo;\u00e9nergie <\/p>\n\n\n\n<p>En trois s\u00e9ances, vous apprendrez cette technique. De la pratique r\u00e9guli\u00e8re et vous poss\u00e9derez un formidable outil qui vous apportera \u00e9norm\u00e9ment dans toutes les occasions de la vie.<\/p>\n","protected":false},"excerpt":{"rendered":"<p>Vous \u00eates captiv\u00e9 par le roman que vous \u00eates en train de lire et vous n\u2019entendez pas qu\u2019on vous pose une question ? Vous \u00eates en \u00e9tat d\u2019hypnose. Vous rentrez du travail en voiture et vous vous dites \u00ab tiens <a class=\"more-link\" href=\"https:\/\/jykrois.net\/?page_id=31\">Lire plus &#8230;<\/a><\/p>\n","protected":false},"author":2,"featured_media":0,"parent":0,"menu_order":0,"comment_status":"closed","ping_status":"closed","template":"","meta":{"footnotes":""},"_links":{"self":[{"href":"https:\/\/jykrois.net\/index.php?rest_route=\/wp\/v2\/pages\/31"}],"collection":[{"href":"https:\/\/jykrois.net\/index.php?rest_route=\/wp\/v2\/pages"}],"about":[{"href":"https:\/\/jykrois.net\/index.php?rest_route=\/wp\/v2\/types\/page"}],"author":[{"embeddable":true,"href":"https:\/\/jykrois.net\/index.php?rest_route=\/wp\/v2\/users\/2"}],"replies":[{"embeddable":true,"href":"https:\/\/jykrois.net\/index.php?rest_route=%2Fwp%2Fv2%2Fcomments&post=31"}],"version-history":[{"count":15,"href":"https:\/\/jykrois.net\/index.php?rest_route=\/wp\/v2\/pages\/31\/revisions"}],"predecessor-version":[{"id":200,"href":"https:\/\/jykrois.net\/index.php?rest_route=\/wp\/v2\/pages\/31\/revisions\/200"}],"wp:attachment":[{"href":"https:\/\/jykrois.net\/index.php?rest_route=%2Fwp%2Fv2%2Fmedia&parent=31"}],"curies":[{"name":"wp","href":"https:\/\/api.w.org\/{rel}","templated":true}]}}