{"id":33,"date":"2018-08-01T13:41:07","date_gmt":"2018-08-01T11:41:07","guid":{"rendered":"http:\/\/jykrois.net\/?page_id=33"},"modified":"2021-09-05T14:04:53","modified_gmt":"2021-09-05T13:04:53","slug":"pour-quoi","status":"publish","type":"page","link":"https:\/\/jykrois.net\/?page_id=33","title":{"rendered":"Pour quoi?"},"content":{"rendered":"\n<p>L&rsquo;hypnose est un formidable outil dans de multiples domaines tant m\u00e9dicaux que dans l&rsquo;accompagnement personnel et qui touche principalement au <strong>changement<\/strong>.<\/p>\n\n\n\n<p>Chaque accompagnement est unique car <strong>totalement personnalis\u00e9<\/strong> et en fonction des demandes de la personne, mais voici quelques domaines d&rsquo;application:<\/p>\n\n\n\n<ul><li>Gestion du changement (blocages, croyances limitantes&#8230;)<\/li><li>Am\u00e9lioration des performances (confiance, m\u00e9moire&#8230;)<\/li><li>Gestion des \u00e9motions (stress, trac, deuil, anxi\u00e9t\u00e9&#8230;)<\/li><li>Gestion des comportements g\u00eanants ou plus appropri\u00e9s<\/li><li>R\u00e9alisation de projets (\u00e9viter l&rsquo;auto-sabotage, poser des objectifs&#8230;)<\/li><li>Pr\u00e9parer des \u00e9ch\u00e9ances (examens, prise de parole, op\u00e9ration chirurgicale&#8230;)<\/li><li>Gestion de la douleur<\/li><li><span style=\"color: initial;\">D\u00e9veloppement de sa cr\u00e9ativit\u00e9<\/span><\/li><li><span style=\"color: initial;\">Apprentissage de l\u2019autohypnose<\/span><\/li><li>&#8230;<\/li><\/ul>\n\n\n\n<p>Et bien plus encore.<br>N&rsquo;h\u00e9sitez pas \u00e0 me contacter pour me parler de vos attentes et d\u00e9finir ce que l&rsquo;hypnose pourrait vous apporter personnellement.<\/p>\n\n\n\n<p><\/p>\n\n\n\n<p class=\"has-cyan-bluish-gray-background-color has-background\">Ne venant pas du milieu m\u00e9dical, je ne prends pas en charge des probl\u00e8mes tels que maladies psychiatriques, phobies ou crises d&rsquo;angoisse, mais je vous accompagne dans la gestion de la douleur, la pr\u00e9paration \u00e0 une intervention chirurgicale, la gestion d&rsquo;une maladie au quotidien,&#8230; et toujours en accord avec votre m\u00e9decin. (L&rsquo;hypnose est un accompagnement compl\u00e9mentaire, elle ne remplacera jamais un suivi ou un traitement m\u00e9dical.)<\/p>\n","protected":false},"excerpt":{"rendered":"<p>L&rsquo;hypnose est un formidable outil dans de multiples domaines tant m\u00e9dicaux que dans l&rsquo;accompagnement personnel et qui touche principalement au changement. Chaque accompagnement est unique car totalement personnalis\u00e9 et en fonction des demandes de la personne, mais voici quelques domaines <a class=\"more-link\" href=\"https:\/\/jykrois.net\/?page_id=33\">Lire plus &#8230;<\/a><\/p>\n","protected":false},"author":2,"featured_media":0,"parent":0,"menu_order":0,"comment_status":"closed","ping_status":"closed","template":"","meta":{"footnotes":""},"_links":{"self":[{"href":"https:\/\/jykrois.net\/index.php?rest_route=\/wp\/v2\/pages\/33"}],"collection":[{"href":"https:\/\/jykrois.net\/index.php?rest_route=\/wp\/v2\/pages"}],"about":[{"href":"https:\/\/jykrois.net\/index.php?rest_route=\/wp\/v2\/types\/page"}],"author":[{"embeddable":true,"href":"https:\/\/jykrois.net\/index.php?rest_route=\/wp\/v2\/users\/2"}],"replies":[{"embeddable":true,"href":"https:\/\/jykrois.net\/index.php?rest_route=%2Fwp%2Fv2%2Fcomments&post=33"}],"version-history":[{"count":10,"href":"https:\/\/jykrois.net\/index.php?rest_route=\/wp\/v2\/pages\/33\/revisions"}],"predecessor-version":[{"id":192,"href":"https:\/\/jykrois.net\/index.php?rest_route=\/wp\/v2\/pages\/33\/revisions\/192"}],"wp:attachment":[{"href":"https:\/\/jykrois.net\/index.php?rest_route=%2Fwp%2Fv2%2Fmedia&parent=33"}],"curies":[{"name":"wp","href":"https:\/\/api.w.org\/{rel}","templated":true}]}}