{"id":67,"date":"2018-08-01T16:12:32","date_gmt":"2018-08-01T14:12:32","guid":{"rendered":"http:\/\/jykrois.net\/?page_id=67"},"modified":"2022-07-21T22:37:46","modified_gmt":"2022-07-21T21:37:46","slug":"qui-suis-je","status":"publish","type":"page","link":"https:\/\/jykrois.net\/?page_id=67","title":{"rendered":"Qui suis-je?"},"content":{"rendered":"\n<p>C&rsquo;est lors de mes \u00e9tudes musicales, d&rsquo;abord comme enfant puis professionnelles de fl\u00fbte traversi\u00e8re au Conservatoire de Lausanne que j&rsquo;ai tr\u00e8s vite \u00e9t\u00e9 int\u00e9ress\u00e9e par les possibilit\u00e9s infinies que nous avons tous en nous pour g\u00e9rer diff\u00e9rentes difficult\u00e9s de la vie ou pour favoriser l&rsquo;atteinte de nos objectifs.<\/p>\n\n\n\n<p>Gestion du stress, du trac, de la sc\u00e8ne et du public, mais aussi de la confiance en soi, de la volont\u00e9 et de l&rsquo;\u00e9nergie ont \u00e9t\u00e9 mon quotidien durant toutes ces ann\u00e9es et riches en exp\u00e9riences et apprentissages. <\/p>\n\n\n\n<p>Forte de 20 ans d&rsquo;enseignement, j&rsquo;ai eu bien souvent l&rsquo;occasion de partager mes \u00ab\u00a0trucs\u00a0\u00bb pour vaincre le trac, pour am\u00e9liorer la concentration et pour aider mes \u00e9l\u00e8ves, de 9 \u00e0 60 ans dans leur pratique musicale.<\/p>\n\n\n\n<p>J&rsquo;ai ensuite refait un master en informatique et d\u00e9couvert le monde souvent difficile de l&rsquo;entreprise avec \u00e9galement ses stress, ses peurs, ses harc\u00e8lements et pressions diverses et l&rsquo;envie de pouvoir aider les gens en partageant des outils a encore grandi en moi.<\/p>\n\n\n\n<p>D&rsquo;abord \u00e0 titre tout \u00e0 fait personnel, je suis partie \u00e0 la d\u00e9couverte de diff\u00e9rentes techniques de relaxation et d&rsquo;accompagnement au changement (training autog\u00e8ne, visualisation, m\u00e9ditation, autohypnose, coh\u00e9rence cardiaque), puis en 2018 je d\u00e9couvre l&rsquo;hypnose eriksonienne et l\u00e0, un monde fabuleux de possibilit\u00e9s s&rsquo;est ouvert \u00e0 moi.<\/p>\n\n\n\n<p>J&rsquo;ai donc suivi la formation de Praticien, puis de Ma\u00eetre Praticien en hypnose eriksonienne* aupr\u00e8s d&rsquo;Isabelle David (Pr\u00e9sidente d&rsquo;I.D.Com International au Qu\u00e9bec) ainsi qu&rsquo;un module suppl\u00e9mentaire \u00ab\u00a0hypnose et sant\u00e9\u00a0\u00bb, puis celle d&rsquo;hypno-antalgie de David Vigneron.<\/p>\n\n\n\n<p>Depuis, je me mets au service des personnes qui me contactent, pour les accompagner dans leur qu\u00eate de mieux-\u00eatre avec \u00e9coute, respect et bienveillance (et bien \u00e9videmment un secret professionnel total.)<\/p>\n\n\n\n<p><\/p>\n\n\n\n<p><br><br>*Cette formation suit les normes de l&rsquo;International Society of Ericksonian Hypnosis et de l&rsquo;American Board of Hypnotherapy. Elle est accr\u00e9dit\u00e9e en Suisse par l&rsquo;ASCA.<\/p>\n","protected":false},"excerpt":{"rendered":"<p>C&rsquo;est lors de mes \u00e9tudes musicales, d&rsquo;abord comme enfant puis professionnelles de fl\u00fbte traversi\u00e8re au Conservatoire de Lausanne que j&rsquo;ai tr\u00e8s vite \u00e9t\u00e9 int\u00e9ress\u00e9e par les possibilit\u00e9s infinies que nous avons tous en nous pour g\u00e9rer diff\u00e9rentes difficult\u00e9s de la <a class=\"more-link\" href=\"https:\/\/jykrois.net\/?page_id=67\">Lire plus &#8230;<\/a><\/p>\n","protected":false},"author":2,"featured_media":0,"parent":0,"menu_order":0,"comment_status":"closed","ping_status":"closed","template":"","meta":{"footnotes":""},"_links":{"self":[{"href":"https:\/\/jykrois.net\/index.php?rest_route=\/wp\/v2\/pages\/67"}],"collection":[{"href":"https:\/\/jykrois.net\/index.php?rest_route=\/wp\/v2\/pages"}],"about":[{"href":"https:\/\/jykrois.net\/index.php?rest_route=\/wp\/v2\/types\/page"}],"author":[{"embeddable":true,"href":"https:\/\/jykrois.net\/index.php?rest_route=\/wp\/v2\/users\/2"}],"replies":[{"embeddable":true,"href":"https:\/\/jykrois.net\/index.php?rest_route=%2Fwp%2Fv2%2Fcomments&post=67"}],"version-history":[{"count":7,"href":"https:\/\/jykrois.net\/index.php?rest_route=\/wp\/v2\/pages\/67\/revisions"}],"predecessor-version":[{"id":207,"href":"https:\/\/jykrois.net\/index.php?rest_route=\/wp\/v2\/pages\/67\/revisions\/207"}],"wp:attachment":[{"href":"https:\/\/jykrois.net\/index.php?rest_route=%2Fwp%2Fv2%2Fmedia&parent=67"}],"curies":[{"name":"wp","href":"https:\/\/api.w.org\/{rel}","templated":true}]}}